{"id":2458,"date":"2026-01-29T11:59:50","date_gmt":"2026-01-29T10:59:50","guid":{"rendered":"https:\/\/www.universalhotel.it\/?page_id=2458"},"modified":"2026-01-29T12:18:51","modified_gmt":"2026-01-29T11:18:51","slug":"kontakty-2","status":"publish","type":"page","link":"https:\/\/www.universalhotel.it\/cs\/kontakty-2\/","title":{"rendered":"Kde n\u00e1s najdete"},"content":{"rendered":"\t\t<div data-elementor-type=\"wp-page\" data-elementor-id=\"2458\" class=\"elementor elementor-2458 elementor-2457\">\n\t\t\t\t<div class=\"elementor-element elementor-element-d1f74cb e-flex e-con-boxed e-con e-parent\" data-id=\"d1f74cb\" data-element_type=\"container\" data-settings=\"{&quot;background_background&quot;:&quot;classic&quot;}\">\n\t\t\t\t\t<div class=\"e-con-inner\">\n\t\t\t\t<div class=\"elementor-element elementor-element-5878664 elementor-widget elementor-widget-heading\" data-id=\"5878664\" data-element_type=\"widget\" data-widget_type=\"heading.default\">\n\t\t\t\t\t<h2 class=\"elementor-heading-title elementor-size-default\">Kde n\u00e1s najdete<\/h2>\t\t\t\t<\/div>\n\t\t\t\t<div class=\"elementor-element elementor-element-2ab832d elementor-widget__width-initial elementor-widget elementor-widget-text-editor\" data-id=\"2ab832d\" data-element_type=\"widget\" data-widget_type=\"text-editor.default\">\n\t\t\t\t\t\t\t\t\t<p><span data-path-to-node=\"4,1,0\" data-index-in-node=\"71\">N\u00e1\u0161 hotel se nach\u00e1z\u00ed 50 metr\u016f od kr\u00e1sn\u00e9 pl\u00e1\u017ee Levante v Caorle. <strong>Poloha je ide\u00e1ln\u00ed, 15 minut ch\u016fze od historick\u00e9ho centra Caorle.<\/strong><\/span><\/p>\t\t\t\t\t\t\t\t<\/div>\n\t\t\t\t\t<\/div>\n\t\t\t\t<\/div>\n\t\t<div class=\"elementor-element elementor-element-dac19fb e-flex e-con-boxed e-con e-parent\" data-id=\"dac19fb\" data-element_type=\"container\" data-settings=\"{&quot;background_background&quot;:&quot;classic&quot;}\">\n\t\t\t\t\t<div class=\"e-con-inner\">\n\t\t<div class=\"elementor-element elementor-element-a969286 e-con-full e-flex e-con e-child\" data-id=\"a969286\" data-element_type=\"container\">\n\t\t<div class=\"elementor-element elementor-element-e779be8 e-con-full e-flex e-con e-child\" data-id=\"e779be8\" data-element_type=\"container\" data-settings=\"{&quot;background_background&quot;:&quot;classic&quot;}\">\n\t\t<div class=\"elementor-element elementor-element-ed00a5a e-con-full e-flex e-con e-child\" data-id=\"ed00a5a\" data-element_type=\"container\">\n\t\t\t\t<div class=\"elementor-element elementor-element-080bbac elementor-widget elementor-widget-heading\" data-id=\"080bbac\" data-element_type=\"widget\" data-widget_type=\"heading.default\">\n\t\t\t\t\t<h2 class=\"elementor-heading-title elementor-size-default\">Adresa<\/h2>\t\t\t\t<\/div>\n\t\t\t\t<div class=\"elementor-element elementor-element-3e275d5 elementor-widget elementor-widget-text-editor\" data-id=\"3e275d5\" data-element_type=\"widget\" data-widget_type=\"text-editor.default\">\n\t\t\t\t\t\t\t\t\t<p>Via Milano, 6 <br>30021 Caorle (VE)<\/p>\t\t\t\t\t\t\t\t<\/div>\n\t\t\t\t<\/div>\n\t\t\t\t<\/div>\n\t\t<div class=\"elementor-element elementor-element-8e78cb4 e-con-full e-flex e-con e-child\" data-id=\"8e78cb4\" data-element_type=\"container\" data-settings=\"{&quot;background_background&quot;:&quot;classic&quot;}\">\n\t\t\t\t<div class=\"elementor-element elementor-element-c89dfe1 elementor-widget elementor-widget-google_maps\" data-id=\"c89dfe1\" data-element_type=\"widget\" data-widget_type=\"google_maps.default\">\n\t\t\t\t\t\t\t<div class=\"elementor-custom-embed\">\n\t\t\t<iframe loading=\"lazy\"\n\t\t\t\t\tsrc=\"https:\/\/maps.google.com\/maps?q=Hotel%20Universal%20Caorle&#038;t=m&#038;z=15&#038;output=embed&#038;iwloc=near\"\n\t\t\t\t\ttitle=\"Hotel Universal Caorle\"\n\t\t\t\t\taria-label=\"Hotel Universal Caorle\"\n\t\t\t><\/iframe>\n\t\t<\/div>\n\t\t\t\t\t\t<\/div>\n\t\t\t\t<\/div>\n\t\t\t\t<\/div>\n\t\t\t\t\t<\/div>\n\t\t\t\t<\/div>\n\t\t<div class=\"elementor-element elementor-element-a921780 e-flex e-con-boxed e-con e-parent\" data-id=\"a921780\" data-element_type=\"container\" data-settings=\"{&quot;background_background&quot;:&quot;classic&quot;}\">\n\t\t\t\t\t<div class=\"e-con-inner\">\n\t\t<div class=\"elementor-element elementor-element-2925539 e-con-full e-flex e-con e-child\" data-id=\"2925539\" data-element_type=\"container\">\n\t\t\t\t<div class=\"elementor-element elementor-element-9139ac7 elementor-widget elementor-widget-heading\" data-id=\"9139ac7\" data-element_type=\"widget\" data-widget_type=\"heading.default\">\n\t\t\t\t\t<h2 class=\"elementor-heading-title elementor-size-default\">Hlavn\u00ed atrakce<\/h2>\t\t\t\t<\/div>\n\t\t<div class=\"elementor-element elementor-element-df7355e e-grid e-con-full e-con e-child\" data-id=\"df7355e\" data-element_type=\"container\">\n\t\t\t\t<div class=\"elementor-element elementor-element-656a3e7 elementor-widget elementor-widget-text-editor\" data-id=\"656a3e7\" data-element_type=\"widget\" data-widget_type=\"text-editor.default\">\n\t\t\t\t\t\t\t\t\t<p><strong>Pl\u00e1\u017e<\/strong>: 50 metr\u016f<br><strong>Autobusov\u00e1 stanice:<\/strong> 500 metr\u016f<br><strong>Historick\u00e9 centrum:<\/strong> 700 metr\u016f<br><strong>Laguna di Caorle:<\/strong> 500 metr\u016f<br><strong>Restaurace:<\/strong> 100 metr\u016f<\/p>\t\t\t\t\t\t\t\t<\/div>\n\t\t\t\t<div class=\"elementor-element elementor-element-c2f6e51 elementor-widget elementor-widget-text-editor\" data-id=\"c2f6e51\" data-element_type=\"widget\" data-widget_type=\"text-editor.default\">\n\t\t\t\t\t\t\t\t\t<p><strong>Vodn\u00ed park Aquafollie<\/strong>: 500 metr\u016f<br><strong>Lunapark:<\/strong> 500 metr\u016f<br><strong>L\u00e9k\u00e1rna:<\/strong> 50 metr\u016f<br><strong>Archeologick\u00e9 muzeum:<\/strong> 1000 metr\u016f<br><strong>P\u0159\u00edstav:<\/strong> 700 metr\u016f<\/p>\t\t\t\t\t\t\t\t<\/div>\n\t\t\t\t<\/div>\n\t\t\t\t<\/div>\n\t\t<div class=\"elementor-element elementor-element-3698bba e-con-full e-flex e-con e-child\" data-id=\"3698bba\" data-element_type=\"container\">\n\t\t\t\t<div class=\"elementor-element elementor-element-55ba83d elementor-widget elementor-widget-heading\" data-id=\"55ba83d\" data-element_type=\"widget\" data-widget_type=\"heading.default\">\n\t\t\t\t\t<h2 class=\"elementor-heading-title elementor-size-default\">Jak se dostat do Caorle<\/h2>\t\t\t\t<\/div>\n\t\t<div class=\"elementor-element elementor-element-4e59405 e-con-full e-flex e-con e-child\" data-id=\"4e59405\" data-element_type=\"container\">\n\t\t<div class=\"elementor-element elementor-element-77c6630 e-con-full e-flex e-con e-child\" data-id=\"77c6630\" data-element_type=\"container\">\n\t\t<div class=\"elementor-element elementor-element-3c5234a e-con-full e-flex e-con e-child\" data-id=\"3c5234a\" data-element_type=\"container\">\n\t\t\t\t<div class=\"elementor-element elementor-element-1b3c442 elementor-position-block-start elementor-mobile-position-block-start elementor-view-default elementor-widget elementor-widget-icon-box\" data-id=\"1b3c442\" data-element_type=\"widget\" data-widget_type=\"icon-box.default\">\n\t\t\t\t\t\t\t<div class=\"elementor-icon-box-wrapper\">\n\n\t\t\t\t\t\t<div class=\"elementor-icon-box-icon\">\n\t\t\t\t<span  class=\"elementor-icon\">\n\t\t\t\t<svg aria-hidden=\"true\" class=\"e-font-icon-svg e-fas-plane-departure\" viewBox=\"0 0 640 512\" xmlns=\"http:\/\/www.w3.org\/2000\/svg\"><path d=\"M624 448H16c-8.84 0-16 7.16-16 16v32c0 8.84 7.16 16 16 16h608c8.84 0 16-7.16 16-16v-32c0-8.84-7.16-16-16-16zM80.55 341.27c6.28 6.84 15.1 10.72 24.33 10.71l130.54-.18a65.62 65.62 0 0 0 29.64-7.12l290.96-147.65c26.74-13.57 50.71-32.94 67.02-58.31 18.31-28.48 20.3-49.09 13.07-63.65-7.21-14.57-24.74-25.27-58.25-27.45-29.85-1.94-59.54 5.92-86.28 19.48l-98.51 49.99-218.7-82.06a17.799 17.799 0 0 0-18-1.11L90.62 67.29c-10.67 5.41-13.25 19.65-5.17 28.53l156.22 98.1-103.21 52.38-72.35-36.47a17.804 17.804 0 0 0-16.07.02L9.91 230.22c-10.44 5.3-13.19 19.12-5.57 28.08l76.21 82.97z\"><\/path><\/svg>\t\t\t\t<\/span>\n\t\t\t<\/div>\n\t\t\t\n\t\t\t\t\t\t<div class=\"elementor-icon-box-content\">\n\n\t\t\t\t\n\t\t\t\t\t\t\t\t\t<p class=\"elementor-icon-box-description\">\n\t\t\t\t\t\tLetadlem, p\u0159ist\u00e1n\u00edm na leti\u0161ti Marco Polo v Ben\u00e1tk\u00e1ch nebo na leti\u0161ti v Trevisu a pot\u00e9 autobusem do Caorle.<br><br>\n<a href=\"https:\/\/veniceairport.it\">ODKAZ NA LETI\u0160T\u011a V BEN\u00c1TK\u00c1CH<\/a><br><a href=\"https:\/\/trevisoairport.it\">ODKAZ NA LETI\u0160T\u011a V TREVISU<\/a><br><a href=\"https:\/\/atvo.it\">ODKAZ NA AUTOBUS ATVO<\/a>\t\t\t\t\t<\/p>\n\t\t\t\t\n\t\t\t<\/div>\n\t\t\t\n\t\t<\/div>\n\t\t\t\t\t\t<\/div>\n\t\t\t\t<\/div>\n\t\t<div class=\"elementor-element elementor-element-cd909c1 e-con-full e-flex e-con e-child\" data-id=\"cd909c1\" data-element_type=\"container\">\n\t\t\t\t<div class=\"elementor-element elementor-element-d88a3a4 elementor-position-block-start elementor-mobile-position-block-start elementor-view-default elementor-widget elementor-widget-icon-box\" data-id=\"d88a3a4\" data-element_type=\"widget\" data-widget_type=\"icon-box.default\">\n\t\t\t\t\t\t\t<div class=\"elementor-icon-box-wrapper\">\n\n\t\t\t\t\t\t<div class=\"elementor-icon-box-icon\">\n\t\t\t\t<span  class=\"elementor-icon\">\n\t\t\t\t<svg aria-hidden=\"true\" class=\"e-font-icon-svg e-fas-car\" viewBox=\"0 0 512 512\" xmlns=\"http:\/\/www.w3.org\/2000\/svg\"><path d=\"M499.99 176h-59.87l-16.64-41.6C406.38 91.63 365.57 64 319.5 64h-127c-46.06 0-86.88 27.63-103.99 70.4L71.87 176H12.01C4.2 176-1.53 183.34.37 190.91l6 24C7.7 220.25 12.5 224 18.01 224h20.07C24.65 235.73 16 252.78 16 272v48c0 16.12 6.16 30.67 16 41.93V416c0 17.67 14.33 32 32 32h32c17.67 0 32-14.33 32-32v-32h256v32c0 17.67 14.33 32 32 32h32c17.67 0 32-14.33 32-32v-54.07c9.84-11.25 16-25.8 16-41.93v-48c0-19.22-8.65-36.27-22.07-48H494c5.51 0 10.31-3.75 11.64-9.09l6-24c1.89-7.57-3.84-14.91-11.65-14.91zm-352.06-17.83c7.29-18.22 24.94-30.17 44.57-30.17h127c19.63 0 37.28 11.95 44.57 30.17L384 208H128l19.93-49.83zM96 319.8c-19.2 0-32-12.76-32-31.9S76.8 256 96 256s48 28.71 48 47.85-28.8 15.95-48 15.95zm320 0c-19.2 0-48 3.19-48-15.95S396.8 256 416 256s32 12.76 32 31.9-12.8 31.9-32 31.9z\"><\/path><\/svg>\t\t\t\t<\/span>\n\t\t\t<\/div>\n\t\t\t\n\t\t\t\t\t\t<div class=\"elementor-icon-box-content\">\n\n\t\t\t\t\n\t\t\t\t\t\t\t\t\t<p class=\"elementor-icon-box-description\">\n\t\t\t\t\t\tAutem po d\u00e1lnici A4 a\u017e k v\u00fdjezdu S.Stino di Livenza. Caorle je vzd\u00e1leno asi 20 km od d\u00e1lni\u010dn\u00edho v\u00fdjezdu.\n<br><br>\n\n<a href=\"https:\/\/autostrade.it\">ODKAZ NA ITALSK\u00c9 D\u00c1LNICE<\/a>\t\t\t\t\t<\/p>\n\t\t\t\t\n\t\t\t<\/div>\n\t\t\t\n\t\t<\/div>\n\t\t\t\t\t\t<\/div>\n\t\t\t\t<\/div>\n\t\t<div class=\"elementor-element elementor-element-05ac07f e-con-full e-flex e-con e-child\" data-id=\"05ac07f\" data-element_type=\"container\">\n\t\t\t\t<div class=\"elementor-element elementor-element-c17994c elementor-position-block-start elementor-mobile-position-block-start elementor-view-default elementor-widget elementor-widget-icon-box\" data-id=\"c17994c\" data-element_type=\"widget\" data-widget_type=\"icon-box.default\">\n\t\t\t\t\t\t\t<div class=\"elementor-icon-box-wrapper\">\n\n\t\t\t\t\t\t<div class=\"elementor-icon-box-icon\">\n\t\t\t\t<span  class=\"elementor-icon\">\n\t\t\t\t<svg aria-hidden=\"true\" class=\"e-font-icon-svg e-fas-train\" viewBox=\"0 0 448 512\" xmlns=\"http:\/\/www.w3.org\/2000\/svg\"><path d=\"M448 96v256c0 51.815-61.624 96-130.022 96l62.98 49.721C386.905 502.417 383.562 512 376 512H72c-7.578 0-10.892-9.594-4.957-14.279L130.022 448C61.82 448 0 403.954 0 352V96C0 42.981 64 0 128 0h192c65 0 128 42.981 128 96zm-48 136V120c0-13.255-10.745-24-24-24H72c-13.255 0-24 10.745-24 24v112c0 13.255 10.745 24 24 24h304c13.255 0 24-10.745 24-24zm-176 64c-30.928 0-56 25.072-56 56s25.072 56 56 56 56-25.072 56-56-25.072-56-56-56z\"><\/path><\/svg>\t\t\t\t<\/span>\n\t\t\t<\/div>\n\t\t\t\n\t\t\t\t\t\t<div class=\"elementor-icon-box-content\">\n\n\t\t\t\t\n\t\t\t\t\t\t\t\t\t<p class=\"elementor-icon-box-description\">\n\t\t\t\t\t\tVlakem, po trati Ben\u00e1tky-Terst, vystoup\u00edte na stanici Portogruaro, kde je p\u0159estup na autobus, kter\u00fd v\u00e1s doveze na m\u00edsto.\n\n<br><br><a href=\"https:\/\/trenitalia.com\">ODKAZ NA TRENITALIA<\/a>\t\t\t\t\t<\/p>\n\t\t\t\t\n\t\t\t<\/div>\n\t\t\t\n\t\t<\/div>\n\t\t\t\t\t\t<\/div>\n\t\t\t\t<\/div>\n\t\t<div class=\"elementor-element elementor-element-0ac45e6 e-con-full e-flex e-con e-child\" data-id=\"0ac45e6\" data-element_type=\"container\">\n\t\t\t\t<div class=\"elementor-element elementor-element-28af7fc elementor-position-block-start elementor-mobile-position-block-start elementor-view-default elementor-widget elementor-widget-icon-box\" data-id=\"28af7fc\" data-element_type=\"widget\" data-widget_type=\"icon-box.default\">\n\t\t\t\t\t\t\t<div class=\"elementor-icon-box-wrapper\">\n\n\t\t\t\t\t\t<div class=\"elementor-icon-box-icon\">\n\t\t\t\t<span  class=\"elementor-icon\">\n\t\t\t\t<svg aria-hidden=\"true\" class=\"e-font-icon-svg e-fas-bus-alt\" viewBox=\"0 0 512 512\" xmlns=\"http:\/\/www.w3.org\/2000\/svg\"><path d=\"M488 128h-8V80c0-44.8-99.2-80-224-80S32 35.2 32 80v48h-8c-13.25 0-24 10.74-24 24v80c0 13.25 10.75 24 24 24h8v160c0 17.67 14.33 32 32 32v32c0 17.67 14.33 32 32 32h32c17.67 0 32-14.33 32-32v-32h192v32c0 17.67 14.33 32 32 32h32c17.67 0 32-14.33 32-32v-32h6.4c16 0 25.6-12.8 25.6-25.6V256h8c13.25 0 24-10.75 24-24v-80c0-13.26-10.75-24-24-24zM160 72c0-4.42 3.58-8 8-8h176c4.42 0 8 3.58 8 8v16c0 4.42-3.58 8-8 8H168c-4.42 0-8-3.58-8-8V72zm-48 328c-17.67 0-32-14.33-32-32s14.33-32 32-32 32 14.33 32 32-14.33 32-32 32zm128-112H128c-17.67 0-32-14.33-32-32v-96c0-17.67 14.33-32 32-32h112v160zm32 0V128h112c17.67 0 32 14.33 32 32v96c0 17.67-14.33 32-32 32H272zm128 112c-17.67 0-32-14.33-32-32s14.33-32 32-32 32 14.33 32 32-14.33 32-32 32z\"><\/path><\/svg>\t\t\t\t<\/span>\n\t\t\t<\/div>\n\t\t\t\n\t\t\t\t\t\t<div class=\"elementor-icon-box-content\">\n\n\t\t\t\t\n\t\t\t\t\t\t\t\t\t<p class=\"elementor-icon-box-description\">\n\t\t\t\t\t\tZ bl\u00edzk\u00fdch lokalit autobusy linek ATVO.\n\n<br><br>\n\n<a href=\"https:\/\/atvo.it\">ODKAZ NA AUTOBUS ATVO<\/a>\t\t\t\t\t<\/p>\n\t\t\t\t\n\t\t\t<\/div>\n\t\t\t\n\t\t<\/div>\n\t\t\t\t\t\t<\/div>\n\t\t\t\t<\/div>\n\t\t\t\t<\/div>\n\t\t\t\t<\/div>\n\t\t\t\t<\/div>\n\t\t\t\t\t<\/div>\n\t\t\t\t<\/div>\n\t\t\t\t<\/div>\n\t\t","protected":false},"excerpt":{"rendered":"<p>Kde n\u00e1s najdete N\u00e1\u0161 hotel se nach\u00e1z\u00ed 50 metr\u016f od kr\u00e1sn\u00e9 pl\u00e1\u017ee Levante v Caorle. Poloha je ide\u00e1ln\u00ed, 15 minut ch\u016fze od historick\u00e9ho centra Caorle. Adresa Via Milano, 6 30021 Caorle (VE) Hlavn\u00ed atrakce Pl\u00e1\u017e: 50 metr\u016fAutobusov\u00e1 stanice: 500 metr\u016fHistorick\u00e9 centrum: 700 metr\u016fLaguna di Caorle: 500 metr\u016fRestaurace: 100 metr\u016f Vodn\u00ed park Aquafollie: 500 metr\u016fLunapark: 500 [&hellip;]<\/p>\n","protected":false},"author":1,"featured_media":0,"parent":0,"menu_order":0,"comment_status":"closed","ping_status":"closed","template":"","meta":{"footnotes":""},"class_list":["post-2458","page","type-page","status-publish","hentry"],"blocksy_meta":{"has_hero_section":"disabled","vertical_spacing_source":"custom","content_area_spacing":"none","styles_descriptor":{"styles":{"desktop":"","tablet":"","mobile":""},"google_fonts":[],"version":6}},"yoast_head":"<!-- This site is optimized with the Yoast SEO plugin v26.8 - https:\/\/yoast.com\/product\/yoast-seo-wordpress\/ -->\n<title>Kde n\u00e1s najdete - Hotel Universal<\/title>\n<meta name=\"robots\" content=\"index, follow, max-snippet:-1, max-image-preview:large, max-video-preview:-1\" \/>\n<link rel=\"canonical\" href=\"https:\/\/www.universalhotel.it\/cs\/kontakty-2\/\" \/>\n<meta property=\"og:locale\" content=\"cs_CZ\" \/>\n<meta property=\"og:type\" content=\"article\" \/>\n<meta property=\"og:title\" content=\"Kde n\u00e1s najdete - Hotel Universal\" \/>\n<meta property=\"og:description\" content=\"Kde n\u00e1s najdete N\u00e1\u0161 hotel se nach\u00e1z\u00ed 50 metr\u016f od kr\u00e1sn\u00e9 pl\u00e1\u017ee Levante v Caorle. Poloha je ide\u00e1ln\u00ed, 15 minut ch\u016fze od historick\u00e9ho centra Caorle. Adresa Via Milano, 6 30021 Caorle (VE) Hlavn\u00ed atrakce Pl\u00e1\u017e: 50 metr\u016fAutobusov\u00e1 stanice: 500 metr\u016fHistorick\u00e9 centrum: 700 metr\u016fLaguna di Caorle: 500 metr\u016fRestaurace: 100 metr\u016f Vodn\u00ed park Aquafollie: 500 metr\u016fLunapark: 500 [&hellip;]\" \/>\n<meta property=\"og:url\" content=\"https:\/\/www.universalhotel.it\/cs\/kontakty-2\/\" \/>\n<meta property=\"og:site_name\" content=\"Hotel Universal\" \/>\n<meta property=\"article:publisher\" content=\"https:\/\/www.facebook.com\/HotelUniversalCaorle\" \/>\n<meta property=\"article:modified_time\" content=\"2026-01-29T11:18:51+00:00\" \/>\n<meta name=\"twitter:card\" content=\"summary_large_image\" \/>\n<meta name=\"twitter:label1\" content=\"Odhadovan\u00e1 doba \u010dten\u00ed\" \/>\n\t<meta name=\"twitter:data1\" content=\"1 minuta\" \/>\n<script type=\"application\/ld+json\" class=\"yoast-schema-graph\">{\"@context\":\"https:\/\/schema.org\",\"@graph\":[{\"@type\":\"WebPage\",\"@id\":\"https:\/\/www.universalhotel.it\/cs\/kontakty-2\/\",\"url\":\"https:\/\/www.universalhotel.it\/cs\/kontakty-2\/\",\"name\":\"Kde n\u00e1s najdete - Hotel Universal\",\"isPartOf\":{\"@id\":\"https:\/\/www.universalhotel.it\/#website\"},\"datePublished\":\"2026-01-29T10:59:50+00:00\",\"dateModified\":\"2026-01-29T11:18:51+00:00\",\"breadcrumb\":{\"@id\":\"https:\/\/www.universalhotel.it\/cs\/kontakty-2\/#breadcrumb\"},\"inLanguage\":\"cs\",\"potentialAction\":[{\"@type\":\"ReadAction\",\"target\":[\"https:\/\/www.universalhotel.it\/cs\/kontakty-2\/\"]}]},{\"@type\":\"BreadcrumbList\",\"@id\":\"https:\/\/www.universalhotel.it\/cs\/kontakty-2\/#breadcrumb\",\"itemListElement\":[{\"@type\":\"ListItem\",\"position\":1,\"name\":\"Home\",\"item\":\"https:\/\/www.universalhotel.it\/cs\/domu\/\"},{\"@type\":\"ListItem\",\"position\":2,\"name\":\"Kde n\u00e1s najdete\"}]},{\"@type\":\"WebSite\",\"@id\":\"https:\/\/www.universalhotel.it\/#website\",\"url\":\"https:\/\/www.universalhotel.it\/\",\"name\":\"Hotel Universal\",\"description\":\"Hotel 3 stelle superior a Caorle\",\"publisher\":{\"@id\":\"https:\/\/www.universalhotel.it\/#organization\"},\"potentialAction\":[{\"@type\":\"SearchAction\",\"target\":{\"@type\":\"EntryPoint\",\"urlTemplate\":\"https:\/\/www.universalhotel.it\/?s={search_term_string}\"},\"query-input\":{\"@type\":\"PropertyValueSpecification\",\"valueRequired\":true,\"valueName\":\"search_term_string\"}}],\"inLanguage\":\"cs\"},{\"@type\":\"Organization\",\"@id\":\"https:\/\/www.universalhotel.it\/#organization\",\"name\":\"Hotel Universal\",\"url\":\"https:\/\/www.universalhotel.it\/\",\"logo\":{\"@type\":\"ImageObject\",\"inLanguage\":\"cs\",\"@id\":\"https:\/\/www.universalhotel.it\/#\/schema\/logo\/image\/\",\"url\":\"https:\/\/www.universalhotel.it\/wp-content\/uploads\/2026\/01\/logo.svg\",\"contentUrl\":\"https:\/\/www.universalhotel.it\/wp-content\/uploads\/2026\/01\/logo.svg\",\"width\":1855,\"height\":432,\"caption\":\"Hotel Universal\"},\"image\":{\"@id\":\"https:\/\/www.universalhotel.it\/#\/schema\/logo\/image\/\"},\"sameAs\":[\"https:\/\/www.facebook.com\/HotelUniversalCaorle\",\"https:\/\/www.instagram.com\/hotel_universal_caorle\"]}]}<\/script>\n<!-- \/ Yoast SEO plugin. -->","yoast_head_json":{"title":"Kde n\u00e1s najdete - Hotel Universal","robots":{"index":"index","follow":"follow","max-snippet":"max-snippet:-1","max-image-preview":"max-image-preview:large","max-video-preview":"max-video-preview:-1"},"canonical":"https:\/\/www.universalhotel.it\/cs\/kontakty-2\/","og_locale":"cs_CZ","og_type":"article","og_title":"Kde n\u00e1s najdete - Hotel Universal","og_description":"Kde n\u00e1s najdete N\u00e1\u0161 hotel se nach\u00e1z\u00ed 50 metr\u016f od kr\u00e1sn\u00e9 pl\u00e1\u017ee Levante v Caorle. Poloha je ide\u00e1ln\u00ed, 15 minut ch\u016fze od historick\u00e9ho centra Caorle. Adresa Via Milano, 6 30021 Caorle (VE) Hlavn\u00ed atrakce Pl\u00e1\u017e: 50 metr\u016fAutobusov\u00e1 stanice: 500 metr\u016fHistorick\u00e9 centrum: 700 metr\u016fLaguna di Caorle: 500 metr\u016fRestaurace: 100 metr\u016f Vodn\u00ed park Aquafollie: 500 metr\u016fLunapark: 500 [&hellip;]","og_url":"https:\/\/www.universalhotel.it\/cs\/kontakty-2\/","og_site_name":"Hotel Universal","article_publisher":"https:\/\/www.facebook.com\/HotelUniversalCaorle","article_modified_time":"2026-01-29T11:18:51+00:00","twitter_card":"summary_large_image","twitter_misc":{"Odhadovan\u00e1 doba \u010dten\u00ed":"1 minuta"},"schema":{"@context":"https:\/\/schema.org","@graph":[{"@type":"WebPage","@id":"https:\/\/www.universalhotel.it\/cs\/kontakty-2\/","url":"https:\/\/www.universalhotel.it\/cs\/kontakty-2\/","name":"Kde n\u00e1s najdete - Hotel Universal","isPartOf":{"@id":"https:\/\/www.universalhotel.it\/#website"},"datePublished":"2026-01-29T10:59:50+00:00","dateModified":"2026-01-29T11:18:51+00:00","breadcrumb":{"@id":"https:\/\/www.universalhotel.it\/cs\/kontakty-2\/#breadcrumb"},"inLanguage":"cs","potentialAction":[{"@type":"ReadAction","target":["https:\/\/www.universalhotel.it\/cs\/kontakty-2\/"]}]},{"@type":"BreadcrumbList","@id":"https:\/\/www.universalhotel.it\/cs\/kontakty-2\/#breadcrumb","itemListElement":[{"@type":"ListItem","position":1,"name":"Home","item":"https:\/\/www.universalhotel.it\/cs\/domu\/"},{"@type":"ListItem","position":2,"name":"Kde n\u00e1s najdete"}]},{"@type":"WebSite","@id":"https:\/\/www.universalhotel.it\/#website","url":"https:\/\/www.universalhotel.it\/","name":"Hotel Universal","description":"Hotel 3 stelle superior a Caorle","publisher":{"@id":"https:\/\/www.universalhotel.it\/#organization"},"potentialAction":[{"@type":"SearchAction","target":{"@type":"EntryPoint","urlTemplate":"https:\/\/www.universalhotel.it\/?s={search_term_string}"},"query-input":{"@type":"PropertyValueSpecification","valueRequired":true,"valueName":"search_term_string"}}],"inLanguage":"cs"},{"@type":"Organization","@id":"https:\/\/www.universalhotel.it\/#organization","name":"Hotel Universal","url":"https:\/\/www.universalhotel.it\/","logo":{"@type":"ImageObject","inLanguage":"cs","@id":"https:\/\/www.universalhotel.it\/#\/schema\/logo\/image\/","url":"https:\/\/www.universalhotel.it\/wp-content\/uploads\/2026\/01\/logo.svg","contentUrl":"https:\/\/www.universalhotel.it\/wp-content\/uploads\/2026\/01\/logo.svg","width":1855,"height":432,"caption":"Hotel Universal"},"image":{"@id":"https:\/\/www.universalhotel.it\/#\/schema\/logo\/image\/"},"sameAs":["https:\/\/www.facebook.com\/HotelUniversalCaorle","https:\/\/www.instagram.com\/hotel_universal_caorle"]}]}},"_links":{"self":[{"href":"https:\/\/www.universalhotel.it\/cs\/wp-json\/wp\/v2\/pages\/2458","targetHints":{"allow":["GET"]}}],"collection":[{"href":"https:\/\/www.universalhotel.it\/cs\/wp-json\/wp\/v2\/pages"}],"about":[{"href":"https:\/\/www.universalhotel.it\/cs\/wp-json\/wp\/v2\/types\/page"}],"author":[{"embeddable":true,"href":"https:\/\/www.universalhotel.it\/cs\/wp-json\/wp\/v2\/users\/1"}],"replies":[{"embeddable":true,"href":"https:\/\/www.universalhotel.it\/cs\/wp-json\/wp\/v2\/comments?post=2458"}],"version-history":[{"count":3,"href":"https:\/\/www.universalhotel.it\/cs\/wp-json\/wp\/v2\/pages\/2458\/revisions"}],"predecessor-version":[{"id":2488,"href":"https:\/\/www.universalhotel.it\/cs\/wp-json\/wp\/v2\/pages\/2458\/revisions\/2488"}],"wp:attachment":[{"href":"https:\/\/www.universalhotel.it\/cs\/wp-json\/wp\/v2\/media?parent=2458"}],"curies":[{"name":"wp","href":"https:\/\/api.w.org\/{rel}","templated":true}]}}